{"id":8,"date":"2023-10-27T08:44:16","date_gmt":"2023-10-27T06:44:16","guid":{"rendered":"https:\/\/gruberwp.wirt2web.at\/?page_id=8"},"modified":"2026-04-12T19:24:38","modified_gmt":"2026-04-12T17:24:38","slug":"start","status":"publish","type":"page","link":"https:\/\/gasthofgruber.at\/","title":{"rendered":"Start"},"content":{"rendered":"\t\t<div data-elementor-type=\"wp-page\" data-elementor-id=\"8\" class=\"elementor elementor-8\" data-elementor-post-type=\"page\">\n\t\t\t\t<div class=\"elementor-element elementor-element-79c550a e-con-full e-flex e-con e-parent\" data-id=\"79c550a\" data-element_type=\"container\" data-e-type=\"container\">\n\t\t\t\t<\/div>\n\t\t<div class=\"elementor-element elementor-element-2003ac9 e-flex e-con-boxed e-con e-parent\" data-id=\"2003ac9\" data-element_type=\"container\" data-e-type=\"container\">\n\t\t\t\t\t<div class=\"e-con-inner\">\n\t\t\t\t<div class=\"elementor-element elementor-element-0affed0 elementor-widget elementor-widget-heading\" data-id=\"0affed0\" data-element_type=\"widget\" data-e-type=\"widget\" data-widget_type=\"heading.default\">\n\t\t\t\t<div class=\"elementor-widget-container\">\n\t\t\t\t\t<h2 class=\"elementor-heading-title elementor-size-default\">Willkommen im Gasthof Gruber<\/h2>\t\t\t\t<\/div>\n\t\t\t\t<\/div>\n\t\t\t\t\t<\/div>\n\t\t\t\t<\/div>\n\t\t<div class=\"elementor-element elementor-element-b91ca91 e-flex e-con-boxed e-con e-parent\" data-id=\"b91ca91\" data-element_type=\"container\" data-e-type=\"container\">\n\t\t\t\t\t<div class=\"e-con-inner\">\n\t\t<div class=\"elementor-element elementor-element-bd03f86 e-con-full e-flex e-con e-child\" data-id=\"bd03f86\" data-element_type=\"container\" data-e-type=\"container\">\n\t\t\t\t<div class=\"elementor-element elementor-element-1ad8dec elementor-widget elementor-widget-image\" data-id=\"1ad8dec\" data-element_type=\"widget\" data-e-type=\"widget\" data-widget_type=\"image.default\">\n\t\t\t\t<div class=\"elementor-widget-container\">\n\t\t\t\t\t\t\t\t\t\t\t\t\t\t\t\t<a href=\"index.php\/gasthof\">\n\t\t\t\t\t\t\t<img fetchpriority=\"high\" decoding=\"async\" width=\"500\" height=\"500\" src=\"https:\/\/gasthofgruber.at\/wp-content\/uploads\/2023\/10\/gasthof-gruber_gunskichen_gasthof.jpg\" class=\"attachment-large size-large wp-image-189\" alt=\"\" srcset=\"https:\/\/gasthofgruber.at\/wp-content\/uploads\/2023\/10\/gasthof-gruber_gunskichen_gasthof.jpg 500w, https:\/\/gasthofgruber.at\/wp-content\/uploads\/2023\/10\/gasthof-gruber_gunskichen_gasthof-300x300.jpg 300w, https:\/\/gasthofgruber.at\/wp-content\/uploads\/2023\/10\/gasthof-gruber_gunskichen_gasthof-150x150.jpg 150w, https:\/\/gasthofgruber.at\/wp-content\/uploads\/2023\/10\/gasthof-gruber_gunskichen_gasthof-100x100.jpg 100w, https:\/\/gasthofgruber.at\/wp-content\/uploads\/2023\/10\/gasthof-gruber_gunskichen_gasthof-140x140.jpg 140w, https:\/\/gasthofgruber.at\/wp-content\/uploads\/2023\/10\/gasthof-gruber_gunskichen_gasthof-350x350.jpg 350w\" sizes=\"(max-width: 500px) 100vw, 500px\" \/>\t\t\t\t\t\t\t\t<\/a>\n\t\t\t\t\t\t\t\t\t\t\t\t\t\t\t<\/div>\n\t\t\t\t<\/div>\n\t\t\t\t<\/div>\n\t\t<div class=\"elementor-element elementor-element-9371f95 e-con-full e-flex e-con e-child\" data-id=\"9371f95\" data-element_type=\"container\" data-e-type=\"container\">\n\t\t\t\t<div class=\"elementor-element elementor-element-86238bc elementor-widget elementor-widget-image\" data-id=\"86238bc\" data-element_type=\"widget\" data-e-type=\"widget\" data-widget_type=\"image.default\">\n\t\t\t\t<div class=\"elementor-widget-container\">\n\t\t\t\t\t\t\t\t\t\t\t\t\t\t\t\t<a href=\"index.php\/fleischhauerei\">\n\t\t\t\t\t\t\t<img decoding=\"async\" width=\"500\" height=\"500\" src=\"https:\/\/gasthofgruber.at\/wp-content\/uploads\/2023\/10\/gasthof-gruber_gunskichen_fleischhauerei.jpg\" class=\"attachment-large size-large wp-image-188\" alt=\"\" srcset=\"https:\/\/gasthofgruber.at\/wp-content\/uploads\/2023\/10\/gasthof-gruber_gunskichen_fleischhauerei.jpg 500w, https:\/\/gasthofgruber.at\/wp-content\/uploads\/2023\/10\/gasthof-gruber_gunskichen_fleischhauerei-300x300.jpg 300w, https:\/\/gasthofgruber.at\/wp-content\/uploads\/2023\/10\/gasthof-gruber_gunskichen_fleischhauerei-150x150.jpg 150w, https:\/\/gasthofgruber.at\/wp-content\/uploads\/2023\/10\/gasthof-gruber_gunskichen_fleischhauerei-100x100.jpg 100w, https:\/\/gasthofgruber.at\/wp-content\/uploads\/2023\/10\/gasthof-gruber_gunskichen_fleischhauerei-140x140.jpg 140w, https:\/\/gasthofgruber.at\/wp-content\/uploads\/2023\/10\/gasthof-gruber_gunskichen_fleischhauerei-350x350.jpg 350w\" sizes=\"(max-width: 500px) 100vw, 500px\" \/>\t\t\t\t\t\t\t\t<\/a>\n\t\t\t\t\t\t\t\t\t\t\t\t\t\t\t<\/div>\n\t\t\t\t<\/div>\n\t\t\t\t<\/div>\n\t\t<div class=\"elementor-element elementor-element-aae76fe e-con-full e-flex e-con e-child\" data-id=\"aae76fe\" data-element_type=\"container\" data-e-type=\"container\">\n\t\t\t\t<div class=\"elementor-element elementor-element-a5e79a4 elementor-widget elementor-widget-image\" data-id=\"a5e79a4\" data-element_type=\"widget\" data-e-type=\"widget\" data-widget_type=\"image.default\">\n\t\t\t\t<div class=\"elementor-widget-container\">\n\t\t\t\t\t\t\t\t\t\t\t\t\t\t\t\t<a href=\"index.php\/catering\">\n\t\t\t\t\t\t\t<img decoding=\"async\" width=\"500\" height=\"500\" src=\"https:\/\/gasthofgruber.at\/wp-content\/uploads\/2023\/10\/gasthof-gruber_gunskichen_catering.jpg\" class=\"attachment-large size-large wp-image-187\" alt=\"\" srcset=\"https:\/\/gasthofgruber.at\/wp-content\/uploads\/2023\/10\/gasthof-gruber_gunskichen_catering.jpg 500w, https:\/\/gasthofgruber.at\/wp-content\/uploads\/2023\/10\/gasthof-gruber_gunskichen_catering-300x300.jpg 300w, https:\/\/gasthofgruber.at\/wp-content\/uploads\/2023\/10\/gasthof-gruber_gunskichen_catering-150x150.jpg 150w, https:\/\/gasthofgruber.at\/wp-content\/uploads\/2023\/10\/gasthof-gruber_gunskichen_catering-100x100.jpg 100w, https:\/\/gasthofgruber.at\/wp-content\/uploads\/2023\/10\/gasthof-gruber_gunskichen_catering-140x140.jpg 140w, https:\/\/gasthofgruber.at\/wp-content\/uploads\/2023\/10\/gasthof-gruber_gunskichen_catering-350x350.jpg 350w\" sizes=\"(max-width: 500px) 100vw, 500px\" \/>\t\t\t\t\t\t\t\t<\/a>\n\t\t\t\t\t\t\t\t\t\t\t\t\t\t\t<\/div>\n\t\t\t\t<\/div>\n\t\t\t\t<\/div>\n\t\t\t\t\t<\/div>\n\t\t\t\t<\/div>\n\t\t<div class=\"elementor-element elementor-element-dc21d4c e-flex e-con-boxed e-con e-parent\" data-id=\"dc21d4c\" data-element_type=\"container\" data-e-type=\"container\">\n\t\t\t\t\t<div class=\"e-con-inner\">\n\t\t\t\t<div class=\"elementor-element elementor-element-97728c6 elementor-widget elementor-widget-image\" data-id=\"97728c6\" data-element_type=\"widget\" data-e-type=\"widget\" data-widget_type=\"image.default\">\n\t\t\t\t<div class=\"elementor-widget-container\">\n\t\t\t\t\t\t\t\t\t\t\t\t\t\t\t<img loading=\"lazy\" decoding=\"async\" width=\"791\" height=\"1024\" src=\"https:\/\/gasthofgruber.at\/wp-content\/uploads\/2026\/04\/Speiseplan-KW-16-1-791x1024.png\" class=\"attachment-large size-large wp-image-1855\" alt=\"\" srcset=\"https:\/\/gasthofgruber.at\/wp-content\/uploads\/2026\/04\/Speiseplan-KW-16-1-791x1024.png 791w, https:\/\/gasthofgruber.at\/wp-content\/uploads\/2026\/04\/Speiseplan-KW-16-1-232x300.png 232w, https:\/\/gasthofgruber.at\/wp-content\/uploads\/2026\/04\/Speiseplan-KW-16-1-768x994.png 768w, https:\/\/gasthofgruber.at\/wp-content\/uploads\/2026\/04\/Speiseplan-KW-16-1-1187x1536.png 1187w, https:\/\/gasthofgruber.at\/wp-content\/uploads\/2026\/04\/Speiseplan-KW-16-1.png 1545w\" sizes=\"(max-width: 791px) 100vw, 791px\" \/>\t\t\t\t\t\t\t\t\t\t\t\t\t\t\t<\/div>\n\t\t\t\t<\/div>\n\t\t\t\t\t<\/div>\n\t\t\t\t<\/div>\n\t\t<div class=\"elementor-element elementor-element-1e0e69b9 e-flex e-con-boxed e-con e-parent\" data-id=\"1e0e69b9\" data-element_type=\"container\" data-e-type=\"container\" data-settings=\"{&quot;background_background&quot;:&quot;classic&quot;}\">\n\t\t\t\t\t<div class=\"e-con-inner\">\n\t\t\t\t<div class=\"elementor-element elementor-element-3cbe7177 elementor-widget elementor-widget-heading\" data-id=\"3cbe7177\" data-element_type=\"widget\" data-e-type=\"widget\" data-widget_type=\"heading.default\">\n\t\t\t\t<div class=\"elementor-widget-container\">\n\t\t\t\t\t<h4 class=\"elementor-heading-title elementor-size-default\">Wir kochen ausschlie\u00dflich frisch vor Ort,<br>\ndamit wir Ihnen immer die bestm\u00f6gliche<br>\nQualit\u00e4t bieten k\u00f6nnen.<\/h4>\t\t\t\t<\/div>\n\t\t\t\t<\/div>\n\t\t\t\t<div class=\"elementor-element elementor-element-3773aad elementor-widget elementor-widget-heading\" data-id=\"3773aad\" data-element_type=\"widget\" data-e-type=\"widget\" data-widget_type=\"heading.default\">\n\t\t\t\t<div class=\"elementor-widget-container\">\n\t\t\t\t\t<h2 class=\"elementor-heading-title elementor-size-default\">Die Zufriedenheit unsere G\u00e4ste<br>ist uns am Wichtigsten.<\/h2>\t\t\t\t<\/div>\n\t\t\t\t<\/div>\n\t\t\t\t\t<\/div>\n\t\t\t\t<\/div>\n\t\t<div class=\"elementor-element elementor-element-9a05919 e-flex e-con-boxed e-con e-parent\" data-id=\"9a05919\" data-element_type=\"container\" data-e-type=\"container\" data-settings=\"{&quot;background_background&quot;:&quot;classic&quot;}\">\n\t\t\t\t\t<div class=\"e-con-inner\">\n\t\t<div class=\"elementor-element elementor-element-60231ab e-con-full e-flex e-con e-child\" data-id=\"60231ab\" data-element_type=\"container\" data-e-type=\"container\" data-settings=\"{&quot;background_background&quot;:&quot;classic&quot;}\">\n\t\t\t\t<div class=\"elementor-element elementor-element-6962b56 elementor-view-default elementor-widget elementor-widget-icon\" data-id=\"6962b56\" data-element_type=\"widget\" data-e-type=\"widget\" data-widget_type=\"icon.default\">\n\t\t\t\t<div class=\"elementor-widget-container\">\n\t\t\t\t\t\t\t<div class=\"elementor-icon-wrapper\">\n\t\t\t<div class=\"elementor-icon\">\n\t\t\t<svg aria-hidden=\"true\" class=\"e-font-icon-svg e-fas-house-user\" viewBox=\"0 0 576 512\" xmlns=\"http:\/\/www.w3.org\/2000\/svg\"><path d=\"M570.69,236.27,512,184.44V48a16,16,0,0,0-16-16H432a16,16,0,0,0-16,16V99.67L314.78,10.3C308.5,4.61,296.53,0,288,0s-20.46,4.61-26.74,10.3l-256,226A18.27,18.27,0,0,0,0,248.2a18.64,18.64,0,0,0,4.09,10.71L25.5,282.7a21.14,21.14,0,0,0,12,5.3,21.67,21.67,0,0,0,10.69-4.11l15.9-14V480a32,32,0,0,0,32,32H480a32,32,0,0,0,32-32V269.88l15.91,14A21.94,21.94,0,0,0,538.63,288a20.89,20.89,0,0,0,11.87-5.31l21.41-23.81A21.64,21.64,0,0,0,576,248.19,21,21,0,0,0,570.69,236.27ZM288,176a64,64,0,1,1-64,64A64,64,0,0,1,288,176ZM400,448H176a16,16,0,0,1-16-16,96,96,0,0,1,96-96h64a96,96,0,0,1,96,96A16,16,0,0,1,400,448Z\"><\/path><\/svg>\t\t\t<\/div>\n\t\t<\/div>\n\t\t\t\t\t\t<\/div>\n\t\t\t\t<\/div>\n\t\t\t\t<div class=\"elementor-element elementor-element-278bc4d elementor-widget elementor-widget-heading\" data-id=\"278bc4d\" data-element_type=\"widget\" data-e-type=\"widget\" data-widget_type=\"heading.default\">\n\t\t\t\t<div class=\"elementor-widget-container\">\n\t\t\t\t\t<h2 class=\"elementor-heading-title elementor-size-default\">Kontakt Gasthof<\/h2>\t\t\t\t<\/div>\n\t\t\t\t<\/div>\n\t\t\t\t<div class=\"elementor-element elementor-element-85428a2 elementor-widget elementor-widget-text-editor\" data-id=\"85428a2\" data-element_type=\"widget\" data-e-type=\"widget\" data-widget_type=\"text-editor.default\">\n\t\t\t\t<div class=\"elementor-widget-container\">\n\t\t\t\t\t\t\t\t\t<div class=\"sppb-addon-text\"><h5><strong>Gasthof-Fleischhauerei<\/strong><br \/>Gruber Helmut e.U.<br \/>Welserstrasse 1<br \/>4623 Gunskirchen<br \/>+43 7246 6260<br \/><strong><a href=\"mailto:office@gasthofgruber.at\">office@gasthofgruber.at<\/a><\/strong><\/h5><\/div>\t\t\t\t\t\t\t\t<\/div>\n\t\t\t\t<\/div>\n\t\t\t\t<\/div>\n\t\t<div class=\"elementor-element elementor-element-4ae9d4e e-con-full e-flex e-con e-child\" data-id=\"4ae9d4e\" data-element_type=\"container\" data-e-type=\"container\" data-settings=\"{&quot;background_background&quot;:&quot;classic&quot;}\">\n\t\t\t\t<div class=\"elementor-element elementor-element-9c04ee9 elementor-view-default elementor-widget elementor-widget-icon\" data-id=\"9c04ee9\" data-element_type=\"widget\" data-e-type=\"widget\" data-widget_type=\"icon.default\">\n\t\t\t\t<div class=\"elementor-widget-container\">\n\t\t\t\t\t\t\t<div class=\"elementor-icon-wrapper\">\n\t\t\t<div class=\"elementor-icon\">\n\t\t\t<svg aria-hidden=\"true\" class=\"e-font-icon-svg e-fas-truck\" viewBox=\"0 0 640 512\" xmlns=\"http:\/\/www.w3.org\/2000\/svg\"><path d=\"M624 352h-16V243.9c0-12.7-5.1-24.9-14.1-33.9L494 110.1c-9-9-21.2-14.1-33.9-14.1H416V48c0-26.5-21.5-48-48-48H48C21.5 0 0 21.5 0 48v320c0 26.5 21.5 48 48 48h16c0 53 43 96 96 96s96-43 96-96h128c0 53 43 96 96 96s96-43 96-96h48c8.8 0 16-7.2 16-16v-32c0-8.8-7.2-16-16-16zM160 464c-26.5 0-48-21.5-48-48s21.5-48 48-48 48 21.5 48 48-21.5 48-48 48zm320 0c-26.5 0-48-21.5-48-48s21.5-48 48-48 48 21.5 48 48-21.5 48-48 48zm80-208H416V144h44.1l99.9 99.9V256z\"><\/path><\/svg>\t\t\t<\/div>\n\t\t<\/div>\n\t\t\t\t\t\t<\/div>\n\t\t\t\t<\/div>\n\t\t\t\t<div class=\"elementor-element elementor-element-c61b6b2 elementor-widget elementor-widget-heading\" data-id=\"c61b6b2\" data-element_type=\"widget\" data-e-type=\"widget\" data-widget_type=\"heading.default\">\n\t\t\t\t<div class=\"elementor-widget-container\">\n\t\t\t\t\t<h2 class=\"elementor-heading-title elementor-size-default\">Kontakt Catering<\/h2>\t\t\t\t<\/div>\n\t\t\t\t<\/div>\n\t\t\t\t<div class=\"elementor-element elementor-element-e1c47fb elementor-widget elementor-widget-text-editor\" data-id=\"e1c47fb\" data-element_type=\"widget\" data-e-type=\"widget\" data-widget_type=\"text-editor.default\">\n\t\t\t\t<div class=\"elementor-widget-container\">\n\t\t\t\t\t\t\t\t\t<div class=\"sppb-addon-text\"><h5>Gasthof-Fleischhauerei<br \/>Helmut Gruber e.U.<br \/>Welserstra\u00dfe 1<br \/>4623 Gunskirchen<br \/>Helmut Gruber: 0664 \/ 15 28 870<br \/><strong><a href=\"mailto:office@gasthofgruber.at\">office@gasthofgruber.at<\/a><\/strong><\/h5><\/div>\t\t\t\t\t\t\t\t<\/div>\n\t\t\t\t<\/div>\n\t\t\t\t<\/div>\n\t\t<div class=\"elementor-element elementor-element-dcdb89f e-con-full e-flex e-con e-child\" data-id=\"dcdb89f\" data-element_type=\"container\" data-e-type=\"container\" data-settings=\"{&quot;background_background&quot;:&quot;classic&quot;}\">\n\t\t\t\t<div class=\"elementor-element elementor-element-70f40cd elementor-view-default elementor-widget elementor-widget-icon\" data-id=\"70f40cd\" data-element_type=\"widget\" data-e-type=\"widget\" data-widget_type=\"icon.default\">\n\t\t\t\t<div class=\"elementor-widget-container\">\n\t\t\t\t\t\t\t<div class=\"elementor-icon-wrapper\">\n\t\t\t<div class=\"elementor-icon\">\n\t\t\t<svg aria-hidden=\"true\" class=\"e-font-icon-svg e-far-clock\" viewBox=\"0 0 512 512\" xmlns=\"http:\/\/www.w3.org\/2000\/svg\"><path d=\"M256 8C119 8 8 119 8 256s111 248 248 248 248-111 248-248S393 8 256 8zm0 448c-110.5 0-200-89.5-200-200S145.5 56 256 56s200 89.5 200 200-89.5 200-200 200zm61.8-104.4l-84.9-61.7c-3.1-2.3-4.9-5.9-4.9-9.7V116c0-6.6 5.4-12 12-12h32c6.6 0 12 5.4 12 12v141.7l66.8 48.6c5.4 3.9 6.5 11.4 2.6 16.8L334.6 349c-3.9 5.3-11.4 6.5-16.8 2.6z\"><\/path><\/svg>\t\t\t<\/div>\n\t\t<\/div>\n\t\t\t\t\t\t<\/div>\n\t\t\t\t<\/div>\n\t\t\t\t<div class=\"elementor-element elementor-element-7bf56af elementor-widget elementor-widget-heading\" data-id=\"7bf56af\" data-element_type=\"widget\" data-e-type=\"widget\" data-widget_type=\"heading.default\">\n\t\t\t\t<div class=\"elementor-widget-container\">\n\t\t\t\t\t<h2 class=\"elementor-heading-title elementor-size-default\">\u00d6ffnungszeiten<\/h2>\t\t\t\t<\/div>\n\t\t\t\t<\/div>\n\t\t\t\t<div class=\"elementor-element elementor-element-a566a5f elementor-widget elementor-widget-text-editor\" data-id=\"a566a5f\" data-element_type=\"widget\" data-e-type=\"widget\" data-widget_type=\"text-editor.default\">\n\t\t\t\t<div class=\"elementor-widget-container\">\n\t\t\t\t\t\t\t\t\t<div class=\"sppb-addon-text\"><div class=\"sppb-addon-text\"><h5><strong>Gasthof:<\/strong><br \/>MO &#8211; SA 10:00-14:00 Uhr<\/h5><h5><strong>Fleischhauerei:<\/strong><br \/>MO &#8211; D0 7:30-14:00 Uhr<br \/>FR 7:30-15:00 Uhr<br \/>SA 7:30-12:00 Uhr<\/h5><\/div><h5>\u00a0<\/h5><\/div>\t\t\t\t\t\t\t\t<\/div>\n\t\t\t\t<\/div>\n\t\t\t\t<\/div>\n\t\t\t\t\t<\/div>\n\t\t\t\t<\/div>\n\t\t<div class=\"elementor-element elementor-element-5425261 e-con-full e-flex e-con e-parent\" data-id=\"5425261\" data-element_type=\"container\" data-e-type=\"container\">\n\t\t\t\t<div class=\"elementor-element elementor-element-da325f3 elementor-widget elementor-widget-google_maps\" data-id=\"da325f3\" data-element_type=\"widget\" data-e-type=\"widget\" data-widget_type=\"google_maps.default\">\n\t\t\t\t<div class=\"elementor-widget-container\">\n\t\t\t\t\t\t\t<div class=\"elementor-custom-embed\">\n\t\t\t<iframe loading=\"lazy\"\n\t\t\t\t\tsrc=\"https:\/\/maps.google.com\/maps?q=A-4623%20Gunskirchen%2C%20Welserstrasse%201&#038;t=m&#038;z=10&#038;output=embed&#038;iwloc=near\"\n\t\t\t\t\ttitle=\"A-4623 Gunskirchen, Welserstrasse 1\"\n\t\t\t\t\taria-label=\"A-4623 Gunskirchen, Welserstrasse 1\"\n\t\t\t><\/iframe>\n\t\t<\/div>\n\t\t\t\t\t\t<\/div>\n\t\t\t\t<\/div>\n\t\t\t\t<\/div>\n\t\t\t\t<\/div>\n\t\t","protected":false},"excerpt":{"rendered":"<p>Willkommen im Gasthof Gruber Wir kochen ausschlie\u00dflich frisch vor Ort, damit wir Ihnen immer die bestm\u00f6gliche Qualit\u00e4t bieten k\u00f6nnen. Die Zufriedenheit unsere G\u00e4steist uns am Wichtigsten. Kontakt Gasthof Gasthof-FleischhauereiGruber Helmut&#8230;<\/p>\n","protected":false},"author":1,"featured_media":0,"parent":0,"menu_order":0,"comment_status":"closed","ping_status":"closed","template":"","meta":{"footnotes":""},"class_list":["post-8","page","type-page","status-publish"],"aioseo_notices":[],"_links":{"self":[{"href":"https:\/\/gasthofgruber.at\/index.php\/wp-json\/wp\/v2\/pages\/8","targetHints":{"allow":["GET"]}}],"collection":[{"href":"https:\/\/gasthofgruber.at\/index.php\/wp-json\/wp\/v2\/pages"}],"about":[{"href":"https:\/\/gasthofgruber.at\/index.php\/wp-json\/wp\/v2\/types\/page"}],"author":[{"embeddable":true,"href":"https:\/\/gasthofgruber.at\/index.php\/wp-json\/wp\/v2\/users\/1"}],"replies":[{"embeddable":true,"href":"https:\/\/gasthofgruber.at\/index.php\/wp-json\/wp\/v2\/comments?post=8"}],"version-history":[{"count":466,"href":"https:\/\/gasthofgruber.at\/index.php\/wp-json\/wp\/v2\/pages\/8\/revisions"}],"predecessor-version":[{"id":1858,"href":"https:\/\/gasthofgruber.at\/index.php\/wp-json\/wp\/v2\/pages\/8\/revisions\/1858"}],"wp:attachment":[{"href":"https:\/\/gasthofgruber.at\/index.php\/wp-json\/wp\/v2\/media?parent=8"}],"curies":[{"name":"wp","href":"https:\/\/api.w.org\/{rel}","templated":true}]}}